{"id":50,"date":"2025-01-29T12:17:10","date_gmt":"2025-01-29T12:17:10","guid":{"rendered":"https:\/\/atolyefern.com\/index.php\/saticilar\/"},"modified":"2025-01-29T22:32:43","modified_gmt":"2025-01-29T22:32:43","slug":"siparisicin","status":"publish","type":"page","link":"https:\/\/atolyefern.com\/index.php\/siparisicin\/","title":{"rendered":"Sipari\u015f \u0130\u00e7in"},"content":{"rendered":"\n\n\n<p><\/p>\n","protected":false},"excerpt":{"rendered":"","protected":false},"author":1,"featured_media":0,"parent":0,"menu_order":0,"comment_status":"closed","ping_status":"closed","template":"full-width","meta":{"saved_in_kubio":true,"footnotes":""},"class_list":["post-50","page","type-page","status-publish","hentry"],"kubio_ai_page_context":{"short_desc":"","purpose":"general"},"_links":{"self":[{"href":"https:\/\/atolyefern.com\/index.php\/wp-json\/wp\/v2\/pages\/50","targetHints":{"allow":["GET"]}}],"collection":[{"href":"https:\/\/atolyefern.com\/index.php\/wp-json\/wp\/v2\/pages"}],"about":[{"href":"https:\/\/atolyefern.com\/index.php\/wp-json\/wp\/v2\/types\/page"}],"author":[{"embeddable":true,"href":"https:\/\/atolyefern.com\/index.php\/wp-json\/wp\/v2\/users\/1"}],"replies":[{"embeddable":true,"href":"https:\/\/atolyefern.com\/index.php\/wp-json\/wp\/v2\/comments?post=50"}],"version-history":[{"count":9,"href":"https:\/\/atolyefern.com\/index.php\/wp-json\/wp\/v2\/pages\/50\/revisions"}],"predecessor-version":[{"id":189,"href":"https:\/\/atolyefern.com\/index.php\/wp-json\/wp\/v2\/pages\/50\/revisions\/189"}],"wp:attachment":[{"href":"https:\/\/atolyefern.com\/index.php\/wp-json\/wp\/v2\/media?parent=50"}],"curies":[{"name":"wp","href":"https:\/\/api.w.org\/{rel}","templated":true}]}}